{"id":5088,"date":"2024-06-04T09:24:50","date_gmt":"2024-06-04T07:24:50","guid":{"rendered":"https:\/\/gms-vordere-alb.de\/?page_id=5088"},"modified":"2025-04-28T07:32:40","modified_gmt":"2025-04-28T05:32:40","slug":"schueleraustausch-frankreich","status":"publish","type":"page","link":"https:\/\/gms-vordere-alb.de\/index.php\/schueleraustausch-frankreich\/","title":{"rendered":"Sch\u00fcleraustausch Frankreich"},"content":{"rendered":"<h2>Sch\u00fcleraustausch mit St. Pierre-Montlimart 2025<\/h2>\n<p><img decoding=\"async\" class=\"alignnone size-medium wp-image-5352 alignright\" src=\"https:\/\/gms-vordere-alb.de\/wp-content\/uploads\/2025\/04\/IMG_3618-300x225.jpeg\" alt=\"Austausch 25\" width=\"300\" height=\"225\" srcset=\"https:\/\/gms-vordere-alb.de\/wp-content\/uploads\/2025\/04\/IMG_3618-200x150.jpeg 200w, https:\/\/gms-vordere-alb.de\/wp-content\/uploads\/2025\/04\/IMG_3618-300x225.jpeg 300w, https:\/\/gms-vordere-alb.de\/wp-content\/uploads\/2025\/04\/IMG_3618-400x300.jpeg 400w, https:\/\/gms-vordere-alb.de\/wp-content\/uploads\/2025\/04\/IMG_3618-600x450.jpeg 600w, https:\/\/gms-vordere-alb.de\/wp-content\/uploads\/2025\/04\/IMG_3618-768x576.jpeg 768w, https:\/\/gms-vordere-alb.de\/wp-content\/uploads\/2025\/04\/IMG_3618-800x600.jpeg 800w, https:\/\/gms-vordere-alb.de\/wp-content\/uploads\/2025\/04\/IMG_3618-1024x768.jpeg 1024w, https:\/\/gms-vordere-alb.de\/wp-content\/uploads\/2025\/04\/IMG_3618-1200x900.jpeg 1200w, https:\/\/gms-vordere-alb.de\/wp-content\/uploads\/2025\/04\/IMG_3618-1536x1152.jpeg 1536w\" sizes=\"(max-width: 300px) 100vw, 300px\" \/><\/p>\n<p>Den Sch\u00fcleraustausch traten wir am Donnerstag, den 27. M\u00e4rz 2025 mit elf Sch\u00fclern an. Es begann wie immer mit der Anreise, die mit dem Zug erfolgte. Mit dem Regio-Zug von Metzingen nach Stuttgart, von dort ging unsere Reise mit dem ICE weiter nach Paris Est. Dies dauerte 3 Stunden. Anschlie\u00dfend ging es noch mit dem TGV weiter an den Bahnhof von Angers, an\u00a0dem\u00a0wir\u00a0den\u00a0Stress\u00a0der\u00a0Zugreise\u00a0hinter\u00a0uns\u00a0lassen\u00a0konnten. Wie auch die letzten Jahre begleiteten uns unsere Franz\u00f6sischlehrer Herr Mezger und Frau Wolf, die uns diese Woche erm\u00f6glichten. Am Bahnhof von Angers wurden wir anschlie\u00dfend von unseren Gastfamilien abgeholt. Dann hie\u00df es sich einleben und die Familie kennenlernen! Unser erster Tag in Frankreich startete mit dem ersten Schultag am Coll\u00e8ge Frederic Ozanam. Unser franz\u00f6sischer Schultag begann mit zwei entspannten Deutschstunden, in denen wir von der Deutschlehrerin ausgew\u00e4hlte Spiele spielten. Dies taten wir um unsere Austauschsch\u00fcler n\u00e4her kennenzulernen. Wir stellten fest, dass diese Schule im Vergleich zu unserer GMS ein ganzes St\u00fcckchen gr\u00f6\u00dfer ist. Danach wurden wir herzlich vom Partnerschaftskomitee und der B\u00fcrgermeisterin von Saint-Pierre-Montlimart willkommen gehei\u00dfen mit anschlie\u00dfenden Aktivit\u00e4ten (Patchwork und Palets). Nach einem langen Schultag mit vielen Aktivit\u00e4ten ging es dann am sp\u00e4ten Mittag mit Bus oder zu Fu\u00df zur\u00fcck in die Gastfamilien. Am Wochenende waren wir dann in den Gastfamilien, um zum Beispiel einen Tag am Meer zu verbringen. Nach dem erholsamen Wochenende startete am Montag die Schule wieder. Wir nahmen heute den ganzen Tag am Unterricht teil und sammelten spannende, wertvolle und manchmal auch kuriose Erfahrungen. Die Woche \u00fcber konnten wir einen Einblick in den Alltag einer franz\u00f6sischen Familie bekommen. Am Dienstag hatten wir einen aufregenden und informativen Ausflug nach Angers, wo wir mithilfe einer Stadtrallye die Stadt selbst\u00e4ndig erkunden konnten. Danach hatten wir noch in Kleingruppen freie Zeit, um die Stadt individuell erleben zu k\u00f6nnen, essen zu gehen, shoppen zu gehen oder einfach entspannt die Zeit in Angers zu genie\u00dfen. Am darauffolgenden Tag war dann auch schon unser letzter Tag, an diesem letzten Schultag hatten wir zwei die M\u00f6glichkeit, den jungen deutschlernenden Franzosen den Zahlenraum von 20 bis 100 n\u00e4her zu bringen. Und da es in Frankreich \u00fcblich ist, dass man mittwochs nur bis zur Vormittagszeit Unterricht hat, durften wir noch einen letzten Nachmittag mit unseren Gastfamilien verbringen. Am Donnerstag mussten wir uns dann auch schon wieder von unseren netten Gastfamilien verabschieden und wir machten uns auf die Heimreise, auf der wir noch eine sch\u00f6ne Zeit im Jardin Villemin (ein Park in Paris) verbringen konnten. Gl\u00fccklich und ersch\u00f6pft konnten wir in Metzingen unsere Familien wieder in die Arme schlie\u00dfen.<\/p>\n<p>Anna-Lena und Louis (Klasse 9b)<\/p>\n<h2>Sch\u00fcleraustausch Frankreich 2024<\/h2>\n<p>Vielen Dank an Anna- Lena und Louis, die diesen Bereicht geschrieben haben.<img decoding=\"async\" class=\"size-medium wp-image-5125 alignright\" src=\"https:\/\/gms-vordere-alb.de\/wp-content\/uploads\/2024\/07\/AustauschF24-300x252.jpg\" alt=\"\" width=\"300\" height=\"252\" srcset=\"https:\/\/gms-vordere-alb.de\/wp-content\/uploads\/2024\/07\/AustauschF24-200x168.jpg 200w, https:\/\/gms-vordere-alb.de\/wp-content\/uploads\/2024\/07\/AustauschF24-300x252.jpg 300w, https:\/\/gms-vordere-alb.de\/wp-content\/uploads\/2024\/07\/AustauschF24-400x336.jpg 400w, https:\/\/gms-vordere-alb.de\/wp-content\/uploads\/2024\/07\/AustauschF24-600x505.jpg 600w, https:\/\/gms-vordere-alb.de\/wp-content\/uploads\/2024\/07\/AustauschF24-768x646.jpg 768w, https:\/\/gms-vordere-alb.de\/wp-content\/uploads\/2024\/07\/AustauschF24-800x673.jpg 800w, https:\/\/gms-vordere-alb.de\/wp-content\/uploads\/2024\/07\/AustauschF24-1024x861.jpg 1024w, https:\/\/gms-vordere-alb.de\/wp-content\/uploads\/2024\/07\/AustauschF24-1200x1009.jpg 1200w, https:\/\/gms-vordere-alb.de\/wp-content\/uploads\/2024\/07\/AustauschF24.jpg 1335w\" sizes=\"(max-width: 300px) 100vw, 300px\" \/><\/p>\n<p style=\"text-align: left;\">Wir wollen euch von unserer spannenden Reise nach Frankreich berichten.<\/p>\n<p>Das Tolle an unserer Schule ist, dass man kein Franz\u00f6sisch lernen muss, um am Frankreichaustausch teilzunehmen, jeder darf mitmachen!<\/p>\n<p>Am Donnerstag, den 11. April 2024 durften wir unsere 7-t\u00e4gige Reise nach Frankreich mit 19 Sch\u00fclern und 2 Lehrern (Frau Wolf und Herr Mezger) antreten.<\/p>\n<p>Los ging unsere Reise am Bahnhof in Metzingen. Voll bepackt mit unseren Koffern sind wir mit dem Zug von Metzingen nach Stuttgart gefahren. Weiter nach Paris Est und von Paris Montparnasse, wo wir einen Teil des Eiffelturms von weitem gesichtet haben nach Angers, wo unsere Gastfamilien uns herzlich willkommen gehei\u00dfen haben. Unsere Gastfamilien haben uns dann mitgenommen und wir durften endlich unsere Austauschsch\u00fcler wiedersehen.<\/p>\n<p>Angekommen in unserer Gastfamilie durften wir dann alle R\u00e4umlichkeiten und Haustiere kennenlernen. M\u00fcde und ersch\u00f6pft haben wir uns dann alle ausgeruht, um f\u00fcr das aufregende Programm am n\u00e4chsten Tag wieder fit zu sein.<\/p>\n<p>Am Freitag durften wir einen Einblick in den franz\u00f6sischen Schulalltag bekommen. Nach dem Mittagessen in der Mensa wurden wir in Saint-Pierre Montlimart von der B\u00fcrgermeisterin Sophie Sourice und ihrem Komitee empfangen gehei\u00dfen. Anschlie\u00dfend wurden wir in zwei Gruppen aufgeteilt, w\u00e4hrend eine Gruppe die Orts-Rallye angetreten hat, durfte die andere Gruppe an unserer Partnerschafts-Mauer weiter kreativ sein \u2013 deutsche und franz\u00f6sische Sprichw\u00f6rter wurden an die Wand gemalt.<\/p>\n<p>Am Wochenende hatten wir dann individuelles Programm in unseren Gastfamilien. Die Gastfamilien konnten sich auch zusammentun. Einige Sch\u00fcler durften eine sch\u00f6ne Zeit im Themenpark Puy du Fou verbringen.<\/p>\n<p>Am Montag durften wir aktiv am Unterricht teilnehmen. Einige Sch\u00fcler unserer Gruppe durften an dem Deutschunterricht teilnehmen und die Franzosen bei der korrekten Aussprache und Schreibweise unterst\u00fctzen.<\/p>\n<p>Am Dienstag haben wir einen spannenden Ausflug nach Saint-Nazaire am Atlantik unternommen. Unsere erste Station war das Museum der Passagierschifffahrt, das fr\u00fcher als U-Bott Bunker gedient hat, in dem wir einen spannenden Einblick in die Routen der Schiffe um 1900 bekamen. Danach haben wir uns in Gruppen aufgeteilt, in denen wir uns 1,5 Stunden in der Stadt frei bewegen durften.<\/p>\n<p>Am Mittwoch hatten wir morgens wieder Unterricht und mittags gemeinsam Sport mit den Franzosen. In dieser Zeit sind wir in Gruppen gegeneinander angetreten.<\/p>\n<p>Am Donnerstagmorgen sind wir mit gemischten Gef\u00fchlen abgereist und mussten uns von unseren Gastfamilien verabschieden.<\/p>\n<p>Anna-Lena und Louis (Klasse 8b)<\/p>\n","protected":false},"excerpt":{"rendered":"<p>Sch\u00fcleraustausch mit St. Pierre-Montlimart 2025 Den Sch\u00fcleraustausch traten wir am Donnerstag, den 27. M\u00e4rz 2025 mit elf Sch\u00fclern an. Es begann wie immer mit der Anreise, die mit dem Zug erfolgte. Mit dem Regio-Zug von Metzingen nach Stuttgart, von dort ging unsere Reise mit dem ICE weiter nach Paris Est. Dies dauerte 3 Stunden. Anschlie\u00dfend ging es noch mit dem TGV weiter an den Bahnhof von Angers, an\u00a0dem\u00a0wir\u00a0den\u00a0Stress\u00a0der\u00a0Zugreise\u00a0hinter\u00a0uns\u00a0lassen\u00a0konnten. Wie auch die letzten Jahre begleiteten uns unsere Franz\u00f6sischlehrer Herr Mezger und Frau Wolf, die uns diese Woche erm\u00f6glichten. Am Bahnhof von Angers wurden wir anschlie\u00dfend von unseren Gastfamilien abgeholt. Dann hie\u00df es <a href=\"https:\/\/gms-vordere-alb.de\/index.php\/schueleraustausch-frankreich\/\"> [&#8230;]<\/a><\/p>\n","protected":false},"author":7,"featured_media":0,"parent":0,"menu_order":0,"comment_status":"closed","ping_status":"closed","template":"","meta":{"footnotes":""},"class_list":["post-5088","page","type-page","status-publish","hentry"],"_links":{"self":[{"href":"https:\/\/gms-vordere-alb.de\/index.php\/wp-json\/wp\/v2\/pages\/5088","targetHints":{"allow":["GET"]}}],"collection":[{"href":"https:\/\/gms-vordere-alb.de\/index.php\/wp-json\/wp\/v2\/pages"}],"about":[{"href":"https:\/\/gms-vordere-alb.de\/index.php\/wp-json\/wp\/v2\/types\/page"}],"author":[{"embeddable":true,"href":"https:\/\/gms-vordere-alb.de\/index.php\/wp-json\/wp\/v2\/users\/7"}],"replies":[{"embeddable":true,"href":"https:\/\/gms-vordere-alb.de\/index.php\/wp-json\/wp\/v2\/comments?post=5088"}],"version-history":[{"count":4,"href":"https:\/\/gms-vordere-alb.de\/index.php\/wp-json\/wp\/v2\/pages\/5088\/revisions"}],"predecessor-version":[{"id":5353,"href":"https:\/\/gms-vordere-alb.de\/index.php\/wp-json\/wp\/v2\/pages\/5088\/revisions\/5353"}],"wp:attachment":[{"href":"https:\/\/gms-vordere-alb.de\/index.php\/wp-json\/wp\/v2\/media?parent=5088"}],"curies":[{"name":"wp","href":"https:\/\/api.w.org\/{rel}","templated":true}]}}