{"id":2831,"date":"2019-02-18T17:25:40","date_gmt":"2019-02-18T16:25:40","guid":{"rendered":"https:\/\/gms-vordere-alb.de\/?page_id=2831"},"modified":"2024-11-05T16:29:23","modified_gmt":"2024-11-05T15:29:23","slug":"schulsozialarbeit","status":"publish","type":"page","link":"https:\/\/gms-vordere-alb.de\/index.php\/schule\/schulsozialarbeit\/","title":{"rendered":"Schulsozialarbeit"},"content":{"rendered":"<div class=\"fusion-fullwidth fullwidth-box fusion-builder-row-1 nonhundred-percent-fullwidth non-hundred-percent-height-scrolling\" style=\"--awb-border-radius-top-left:0px;--awb-border-radius-top-right:0px;--awb-border-radius-bottom-right:0px;--awb-border-radius-bottom-left:0px;--awb-flex-wrap:wrap;\" ><div class=\"fusion-builder-row fusion-row\"><div class=\"fusion-layout-column fusion_builder_column fusion-builder-column-0 fusion_builder_column_1_3 1_3 fusion-one-third fusion-column-first\" style=\"--awb-bg-size:cover;width:33.333333333333%;width:calc(33.333333333333% - ( ( 4% ) * 0.33333333333333 ) );margin-right: 4%;\"><div class=\"fusion-column-wrapper fusion-flex-column-wrapper-legacy\"><div class=\"fusion-image-element in-legacy-container\" style=\"--awb-caption-title-font-family:var(--h2_typography-font-family);--awb-caption-title-font-weight:var(--h2_typography-font-weight);--awb-caption-title-font-style:var(--h2_typography-font-style);--awb-caption-title-size:var(--h2_typography-font-size);--awb-caption-title-transform:var(--h2_typography-text-transform);--awb-caption-title-line-height:var(--h2_typography-line-height);--awb-caption-title-letter-spacing:var(--h2_typography-letter-spacing);\"><span class=\" fusion-imageframe imageframe-none imageframe-1 hover-type-none\"><img decoding=\"async\" width=\"200\" height=\"300\" title=\"0\" src=\"https:\/\/gms-vordere-alb.de\/wp-content\/uploads\/2020\/10\/0-e1602079943962-200x300.jpg\" alt class=\"img-responsive wp-image-3506\" srcset=\"https:\/\/gms-vordere-alb.de\/wp-content\/uploads\/2020\/10\/0-e1602079943962-200x300.jpg 200w, https:\/\/gms-vordere-alb.de\/wp-content\/uploads\/2020\/10\/0-e1602079943962-400x601.jpg 400w, https:\/\/gms-vordere-alb.de\/wp-content\/uploads\/2020\/10\/0-e1602079943962.jpg 426w\" sizes=\"(max-width: 1000px) 100vw, 200px\" \/><\/span><\/div><div class=\"fusion-clearfix\"><\/div><\/div><\/div><div class=\"fusion-layout-column fusion_builder_column fusion-builder-column-1 fusion_builder_column_2_3 2_3 fusion-two-third fusion-column-last\" style=\"--awb-bg-size:cover;width:66.666666666667%;width:calc(66.666666666667% - ( ( 4% ) * 0.66666666666667 ) );\"><div class=\"fusion-column-wrapper fusion-flex-column-wrapper-legacy\"><div class=\"fusion-text fusion-text-1\"><h3>Schulsozialarbeit mit Fr. D\u00fcmmel<\/h3>\n<p>Melanie D\u00fcmmel<br \/>\nDiplom- Sozialp\u00e4dagogin<br \/>\nseit September 2020 an der Schule<\/p>\n<p>Einzelfallhilfe f\u00fcr einzelne Sch\u00fclerInnen bei schulischen oder famili\u00e4ren Problemen<br \/>\nKrisenintervention und Streitschlichtung<br \/>\nSoziales Kompetenztraining in Kleingruppen oder in den Klassen<br \/>\nElternarbeit, z.B. runde Tische und Beratungsgespr\u00e4che<br \/>\nSozialp\u00e4dagogische Beratung und Unterst\u00fctzung des gesamten Lehrerkollegiums und des Betreuungsteams<br \/>\nKooperation mit au\u00dferschulischen Einrichtungen und Fachdiensten<\/p>\n<p>Liebe Sch\u00fclerin, lieber Sch\u00fcler der Gemeinschaftsschule Vordere Alb:<\/p>\n<p>Du hast Stress zuhause?<br \/>\nDu hast Probleme mit Mitsch\u00fclerInnen?<br \/>\nDu kommst nicht mit deiner Lehrerin, deinem Lehrer klar?<br \/>\nDu hast Sorgen, wei\u00dft nicht weiter, brauchst jemanden zum Reden?<br \/>\nDu hast mit jemandem Streit?<\/p>\n<p>Dann trau dich und komm zur Schulsozialarbeit. Ich freue mich auch \u00fcber einen Besuch \u201ceinfach so\u201c zum gegenseitigen Kennenlernen\u2026<\/p>\n<p>Liebe Eltern, liebe Erziehungsberechtigte,<br \/>\nan dieser Stelle m\u00f6chte ich mich kurz vorstellen:<br \/>\nMein Name ist Melanie D\u00fcmmel, ich bin verheiratet und habe zwei Kinder. Ich habe Sozialp\u00e4dagogik studiert, war zuvor in Reutlingen\/ Betzingen an der Friedrich- Hoffmann- Gemeinschaftsschule besch\u00e4ftigt und freue mich, nun hier an der Gemeinschaftsschule f\u00fcr Ihre Kinder und nat\u00fcrlich auch f\u00fcr Sie da zu sein.<br \/>\nEine gute Zusammenarbeit mit Ihnen als Eltern liegt mir sehr am Herzen und ich darf Ihr Kind\/ Ihre Kinder ein St\u00fcck auf seinem\/ ihrem Weg (vielleicht auch durch schwierige Situationen) begleiten.<br \/>\nZ\u00f6gern Sie nicht, mich bei Problemen jeglicher Art zu kontaktieren. Verschwiegenheit und Vertraulichkeit sind f\u00fcr mich als Schulsozialarbeiterin sehr wichtig. Ich unterliege der Schweigepflicht und sehe mich als neutrale Ansprechpartnerin innerhalb der Schule. Rufen Sie mich also bei Bedarf gerne an und vereinbaren Sie einen Termin (auch au\u00dferhalb der Sprechzeiten).<br \/>\nIch freue mich auf eine wertvolle Zusammenarbeit mit Ihnen und Ihren Kindern.<br \/>\nIhre Melanie D\u00fcmmel<\/p>\n<p>B\u00fcrozeiten<br \/>\nIn H\u00fclben:<br \/>\nMontag 8.00 Uhr- 13.15 Uhr<br \/>\nDienstag 12.00 Uhr- 15.30 Uhr<br \/>\nMittwoch 14.00 Uhr- 15.30 Uhr<br \/>\nDonnerstag 12.00 Uhr- 15.30 Uhr<\/p>\n<p>In B\u00f6hringen:<br \/>\nMontag 14.00 Uhr- 16.00 Uhr<br \/>\nDienstag 8.00 Uhr- 11.30 Uhr<br \/>\nMittwoch 8.00 Uhr- 13.30 Uhr<br \/>\nDonnerstag 8.00 Uhr- 11.30 Uhr<br \/>\nFreitag 8.00 Uhr- 14.30 Uhr<br \/>\nTermine sind nach Absprache auch au\u00dferhalb der B\u00fcrozeiten m\u00f6glich!<\/p>\n<p>Email: <a href=\"mailto:schulsozialarbeit@gms-vordere-alb.de\">schulsozialarbeit(at)gms-vordere-alb.de<\/a><\/p>\n<p>Telefon: 07382 \/ 936507<\/p>\n<p><strong>\u00a0Beratungslehrerin f\u00fcr die GMS:<\/strong><\/p>\n<p><strong>\u00a0Frau Basharan<\/strong><\/p>\n<p>Bei Fragen der Schullaufbahnwahl, Beratung bei Schulschwierigkeiten wie Leistungsschw\u00e4chen, Lernschwierigkeiten, Motivations- und Konzentrationsproblemen, sozialen und emotionalen Problemen, Verhaltensauff\u00e4lligkeiten u. a. d\u00fcrfen Sie sich gerne an Frau Basharan wenden.<\/p>\n<p><strong>Kontaktdaten:<\/strong><\/p>\n<p>Annelie Basharan<\/p>\n<p>Email: <a href=\"mailto:Annelie.Basharan@zsl-rstue.de\">Annelie.Basharan@zsl-rstue.de<\/a><\/p>\n<\/div><div class=\"fusion-clearfix\"><\/div><\/div><\/div><\/div><\/div>\n","protected":false},"excerpt":{"rendered":"","protected":false},"author":7,"featured_media":0,"parent":1935,"menu_order":0,"comment_status":"closed","ping_status":"closed","template":"","meta":{"footnotes":""},"class_list":["post-2831","page","type-page","status-publish","hentry"],"_links":{"self":[{"href":"https:\/\/gms-vordere-alb.de\/index.php\/wp-json\/wp\/v2\/pages\/2831","targetHints":{"allow":["GET"]}}],"collection":[{"href":"https:\/\/gms-vordere-alb.de\/index.php\/wp-json\/wp\/v2\/pages"}],"about":[{"href":"https:\/\/gms-vordere-alb.de\/index.php\/wp-json\/wp\/v2\/types\/page"}],"author":[{"embeddable":true,"href":"https:\/\/gms-vordere-alb.de\/index.php\/wp-json\/wp\/v2\/users\/7"}],"replies":[{"embeddable":true,"href":"https:\/\/gms-vordere-alb.de\/index.php\/wp-json\/wp\/v2\/comments?post=2831"}],"version-history":[{"count":14,"href":"https:\/\/gms-vordere-alb.de\/index.php\/wp-json\/wp\/v2\/pages\/2831\/revisions"}],"predecessor-version":[{"id":5263,"href":"https:\/\/gms-vordere-alb.de\/index.php\/wp-json\/wp\/v2\/pages\/2831\/revisions\/5263"}],"up":[{"embeddable":true,"href":"https:\/\/gms-vordere-alb.de\/index.php\/wp-json\/wp\/v2\/pages\/1935"}],"wp:attachment":[{"href":"https:\/\/gms-vordere-alb.de\/index.php\/wp-json\/wp\/v2\/media?parent=2831"}],"curies":[{"name":"wp","href":"https:\/\/api.w.org\/{rel}","templated":true}]}}