{"id":2803,"date":"2019-02-18T15:56:28","date_gmt":"2019-02-18T14:56:28","guid":{"rendered":"https:\/\/gms-vordere-alb.de\/?page_id=2803"},"modified":"2026-02-09T13:13:12","modified_gmt":"2026-02-09T12:13:12","slug":"schulanmeldung-sj-19-20","status":"publish","type":"page","link":"https:\/\/gms-vordere-alb.de\/index.php\/schulanmeldung-sj-19-20\/","title":{"rendered":"Schulanmeldung SJ 26\/27"},"content":{"rendered":"<div class=\"fusion-fullwidth fullwidth-box fusion-builder-row-1 nonhundred-percent-fullwidth non-hundred-percent-height-scrolling\" style=\"--awb-border-radius-top-left:0px;--awb-border-radius-top-right:0px;--awb-border-radius-bottom-right:0px;--awb-border-radius-bottom-left:0px;--awb-flex-wrap:wrap;\" ><div class=\"fusion-builder-row fusion-row\"><div class=\"fusion-layout-column fusion_builder_column fusion-builder-column-0 fusion_builder_column_1_3 1_3 fusion-one-third fusion-column-first\" style=\"--awb-bg-size:cover;--awb-margin-top:0px;--awb-margin-bottom:0px;width:30.6666%; margin-right: 4%;\"><div class=\"fusion-column-wrapper fusion-flex-column-wrapper-legacy\"><div class=\"fusion-image-element fusion-image-align-right in-legacy-container\" style=\"text-align:right;--awb-caption-title-font-family:var(--h2_typography-font-family);--awb-caption-title-font-weight:var(--h2_typography-font-weight);--awb-caption-title-font-style:var(--h2_typography-font-style);--awb-caption-title-size:var(--h2_typography-font-size);--awb-caption-title-transform:var(--h2_typography-text-transform);--awb-caption-title-line-height:var(--h2_typography-line-height);--awb-caption-title-letter-spacing:var(--h2_typography-letter-spacing);\"><span class=\" fusion-imageframe imageframe-none imageframe-1 hover-type-none\" style=\"margin-left:25px;float:right;\"><a class=\"fusion-no-lightbox\" href=\"https:\/\/gms-vordere-alb.de\/wp-content\/uploads\/2020\/03\/online_Formular_20_21_mit_Dropdown-1.pdf\" target=\"_blank\" aria-label=\"GMS_online_Formular\" rel=\"noopener noreferrer\"><img  alt class=\"img-responsive wp-image-3631\"\/><\/a><\/span><\/div><div class=\"fusion-clearfix\"><\/div><\/div><\/div><div class=\"fusion-layout-column fusion_builder_column fusion-builder-column-1 fusion_builder_column_2_3 2_3 fusion-two-third fusion-column-last\" style=\"--awb-bg-size:cover;width:65.3333%;\"><div class=\"fusion-column-wrapper fusion-flex-column-wrapper-legacy\"><div class=\"fusion-sep-clear\"><\/div><div class=\"fusion-separator fusion-full-width-sep\" style=\"margin-left: auto;margin-right: auto;margin-top:90px;width:100%;\"><\/div><div class=\"fusion-sep-clear\"><\/div><div class=\"fusion-text fusion-text-1\"><h2>Termine f\u00fcr Schulanmeldung f\u00fcr das Schuljahr 2026\/2027:<\/h2>\n<p>* Montag 09.03.26 von 9:00 Uhr &#8211; 12:30 Uhr in B\u00f6hringen<\/p>\n<p>* Dienstag 10.03.26 von 9:00 Uhr &#8211; 12:30 Uhr in B\u00f6hringen<\/p>\n<p>* Mittwoch 11.03.26 von 9:00 Uhr &#8211; 14:00 Uhr in H\u00fclben<\/p>\n<p>* Donnerstag 12.03.26 von 9:00 Uhr &#8211; 14:00 Uhr in B\u00f6hringen<\/p>\n<p>Die Anmeldung ist bequem mit dem kostenlosen Adobe Acrobat Reader auszuf\u00fcllen.<br \/>\nLaden Sie sich das PDF <a href=\"https:\/\/gms-vordere-alb.de\/wp-content\/uploads\/2021\/03\/GMS_online_Formular3.pdf\">GMS_online_Formular3<\/a> auf Ihren Rechner und beginnen mit dem Ausf\u00fcllen.<br \/>\nWenn Sie fertig sind k\u00f6nnen Sie das Dokument entweder ausdrucken oder abspeichern und <a href=\"mailto:sekretariat@gms-vordere-alb.de\" target=\"_blank\" rel=\"noopener noreferrer\">per eMail<\/a> senden.<\/p>\n<h2>Hier eine Checkliste f\u00fcr die Anmeldung:<\/h2>\n<ul>\n<li>Anmeldeformular f\u00fcr die Schule<\/li>\n<li>Grundschulempfehlung Blatt 2+3<\/li>\n<li><a href=\"https:\/\/gms-vordere-alb.de\/wp-content\/uploads\/2024\/01\/Mensa-AnmeldebogenHuelben_23.pdf\">Mensa &#8211; Anmeldebogen H\u00fclben<\/a><\/li>\n<li>Ab dem 01.03.20 muss bei Neuanmeldungen ein Impfnachweis gegen Masern vorgelegt werden. Bitte bringen Sie Ihr Impfheftchen mit!<\/li>\n<li>Busfahrkarten k\u00f6nnen ab dem 1. April online \u00fcber das Portal\u00a0<a href=\"http:\/\/www.kreis-reutlingen.de\/426\">www.schuelermonatskarten-reutlingen.<\/a>de bestellt werden.<\/li>\n<\/ul>\n<\/div><div class=\"fusion-text fusion-text-2\"><h2>Alles was Sie f\u00fcr den Schulwechsel nach Kl. 4 wissen m\u00fcssen, finden Sie hier<\/h2>\n<p>Hier ein kleiner Fahrplan, was folgt: (einfach weiter herunterscollen)<\/p>\n<ul>\n<li><strong>Schulkonzept:<\/strong>\u00a0dort wird in einer kleinen Pr\u00e4sentation unser Schulkonzept vorgestellt (Schulphilosophie, m\u00f6gliche Abschl\u00fcsse, Standorte&#8230;)<\/li>\n<li><strong>Imagefilm:<\/strong>\u00a0Wie sieht unsere Schule in H\u00fclben und B\u00f6hringen von innen aus (Schulen, R\u00e4ume, Lehrer)<\/li>\n<li><strong>Kontaktaufnahme:<\/strong>\u00a0Sie w\u00fcrden gerne Kontakt aufnehmen wollen mit uns, f\u00fcr ein pers\u00f6nliches Gespr\u00e4ch oder \u00e4hnlichem, dann finden Sie hier alle Kontaktm\u00f6glichkeiten.<\/li>\n<li><strong>Onlineanmeldung:<\/strong>\u00a0Sie als Familie, \u00a0haben sich f\u00fcr unsere Schule entschieden. Dann erst einmal &#8222;GL\u00dcCKWUNSCH&#8220;! Mit wenigen Klicks ist es hier m\u00f6glich sich online anzumelden. \u00a0 \u00a0 \u00a0 \u00a0 \u00a0 \u00a0 \u00a0 \u00a0 \u00a0 \u00a0 \u00a0 \u00a0 \u00a0 \u00a0 \u00a0 \u00a0 \u00a0 \u00a0 \u00a0 \u00a0 \u00a0 \u00a0 \u00a0 \u00a0 \u00a0 \u00a0 \u00a0 \u00a0 \u00a0 \u00a0 \u00a0 \u00a0 \u00a0 \u00a0 \u00a0 \u00a0 \u00a0 \u00a0 \u00a0 \u00a0 \u00a0 \u00a0 \u00a0 \u00a0 \u00a0 \u00a0 \u00a0 \u00a0 \u00a0 \u00a0 \u00a0 \u00a0 \u00a0 \u00a0 \u00a0 \u00a0 \u00a0 \u00a0 \u00a0 \u00a0 \u00a0 \u00a0 \u00a0 \u00a0 \u00a0 \u00a0 \u00a0 \u00a0 \u00a0 \u00a0 \u00a0 \u00a0 \u00a0 \u00a0 \u00a0 \u00a0 \u00a0 \u00a0 \u00a0 \u00a0 \u00a0 \u00a0 \u00a0 \u00a0 \u00a0 \u00a0 \u00a0 \u00a0 \u00a0 \u00a0 \u00a0 \u00a0 \u00a0 \u00a0 \u00a0 \u00a0 \u00a0 \u00a0 \u00a0 \u00a0 \u00a0 \u00a0 \u00a0 \u00a0 \u00a0 \u00a0 \u00a0 \u00a0 \u00a0 \u00a0 \u00a0 \u00a0 \u00a0 \u00a0 \u00a0 \u00a0 \u00a0 \u00a0 \u00a0 \u00a0 \u00a0 \u00a0 \u00a0 \u00a0 \u00a0 \u00a0 \u00a0 \u00a0 \u00a0 \u00a0 \u00a0 \u00a0 \u00a0 \u00a0 \u00a0Wir freuen uns auf euch! Eure GMS Vordere ALB<\/li>\n<\/ul>\n<\/div><div class=\"fusion-clearfix\"><\/div><\/div><\/div><\/div><\/div>\n","protected":false},"excerpt":{"rendered":"","protected":false},"author":7,"featured_media":0,"parent":0,"menu_order":0,"comment_status":"closed","ping_status":"closed","template":"","meta":{"footnotes":""},"class_list":["post-2803","page","type-page","status-publish","hentry"],"_links":{"self":[{"href":"https:\/\/gms-vordere-alb.de\/index.php\/wp-json\/wp\/v2\/pages\/2803","targetHints":{"allow":["GET"]}}],"collection":[{"href":"https:\/\/gms-vordere-alb.de\/index.php\/wp-json\/wp\/v2\/pages"}],"about":[{"href":"https:\/\/gms-vordere-alb.de\/index.php\/wp-json\/wp\/v2\/types\/page"}],"author":[{"embeddable":true,"href":"https:\/\/gms-vordere-alb.de\/index.php\/wp-json\/wp\/v2\/users\/7"}],"replies":[{"embeddable":true,"href":"https:\/\/gms-vordere-alb.de\/index.php\/wp-json\/wp\/v2\/comments?post=2803"}],"version-history":[{"count":45,"href":"https:\/\/gms-vordere-alb.de\/index.php\/wp-json\/wp\/v2\/pages\/2803\/revisions"}],"predecessor-version":[{"id":5465,"href":"https:\/\/gms-vordere-alb.de\/index.php\/wp-json\/wp\/v2\/pages\/2803\/revisions\/5465"}],"wp:attachment":[{"href":"https:\/\/gms-vordere-alb.de\/index.php\/wp-json\/wp\/v2\/media?parent=2803"}],"curies":[{"name":"wp","href":"https:\/\/api.w.org\/{rel}","templated":true}]}}