{"id":2189,"date":"2017-12-15T16:52:15","date_gmt":"2017-12-15T15:52:15","guid":{"rendered":"http:\/\/dev.gms-vordere-alb.de\/?page_id=2189"},"modified":"2022-07-04T20:25:35","modified_gmt":"2022-07-04T18:25:35","slug":"archiv-aktuell","status":"publish","type":"page","link":"https:\/\/gms-vordere-alb.de\/index.php\/archiv-aktuell\/","title":{"rendered":"Archiv Aktuell"},"content":{"rendered":"<div class=\"fusion-fullwidth fullwidth-box fusion-builder-row-1 nonhundred-percent-fullwidth non-hundred-percent-height-scrolling\" style=\"--awb-background-position:left top;--awb-border-radius-top-left:0px;--awb-border-radius-top-right:0px;--awb-border-radius-bottom-right:0px;--awb-border-radius-bottom-left:0px;--awb-padding-top:90px;--awb-padding-bottom:4%;--awb-background-color:#faf9f8;--awb-border-sizes-top:0px;--awb-border-sizes-bottom:0px;--awb-flex-wrap:wrap;\" ><div class=\"fusion-builder-row fusion-row\"><div class=\"fusion-layout-column fusion_builder_column fusion-builder-column-0 fusion_builder_column_1_6 1_6 fusion-one-sixth fusion-column-first fusion-no-small-visibility\" style=\"--awb-bg-size:cover;width:13.3333%; margin-right: 4%;\"><div class=\"fusion-column-wrapper fusion-flex-column-wrapper-legacy\"><div class=\"fusion-clearfix\"><\/div><\/div><\/div><div class=\"fusion-layout-column fusion_builder_column fusion-builder-column-1 fusion_builder_column_2_3 2_3 fusion-two-third\" style=\"--awb-bg-size:cover;--awb-margin-bottom:30px;width:65.3333%; margin-right: 4%;\"><div class=\"fusion-column-wrapper fusion-flex-column-wrapper-legacy\"><div class=\"fusion-text fusion-text-1\"><h2 style=\"text-align: center;\">Archiv Aktuell<\/h2>\n<\/div><div class=\"fusion-sep-clear\"><\/div><div class=\"fusion-separator\" style=\"margin-left: auto;margin-right: auto;margin-top:15px;margin-bottom:60px;width:100%;max-width:170px;\"><div class=\"fusion-separator-border sep-single sep-solid\" style=\"--awb-height:20px;--awb-amount:20px;--awb-sep-color:#ef9a3d;border-color:#ef9a3d;border-top-width:1px;\"><\/div><\/div><div class=\"fusion-sep-clear\"><\/div><div class=\"fusion-blog-shortcode fusion-blog-shortcode-1 fusion-blog-archive fusion-blog-layout-grid-wrapper fusion-blog-pagination\"><style type=\"text\/css\">.fusion-blog-shortcode-1 .fusion-blog-layout-grid .fusion-post-grid{padding:20px;}.fusion-blog-shortcode-1 .fusion-posts-container{margin-left: -20px !important; margin-right:-20px !important;}<\/style><div class=\"fusion-posts-container fusion-posts-container-pagination fusion-blog-rollover fusion-blog-layout-grid fusion-blog-layout-grid-3 isotope\" data-pages=\"2\" data-grid-col-space=\"40\" style=\"margin: -20px -20px 0;min-height:500px;\"><article id=\"blog-1-post-4893\" class=\"fusion-post-grid post-4893 post type-post status-publish format-standard hentry category-allgemein\">\n<div class=\"fusion-post-wrapper\" style=\"background-color:rgba(255,255,255,1);border:none;\">\n\n<div class=\"fusion-post-content-wrapper\" style=\"padding:30px 25px 20px 25px;\"><div class=\"fusion-post-content post-content\"><h2 class=\"blog-shortcode-post-title entry-title\"><a href=\"https:\/\/gms-vordere-alb.de\/index.php\/2023\/09\/27\/medien-und-film\/\">Medien und Film<\/a><\/h2><span class=\"vcard\" style=\"display: none;\"><span class=\"fn\"><a href=\"https:\/\/gms-vordere-alb.de\/index.php\/author\/tobias-rausenberger\/\" title=\"Beitr\u00e4ge von tobias rausenberger\" rel=\"author\">tobias rausenberger<\/a><\/span><\/span><span class=\"updated\" style=\"display:none;\">2023-11-21T10:23:09+01:00<\/span><div class=\"fusion-content-sep sep-none\"><\/div><div class=\"fusion-post-content-container\"><p> Herzlich Willkommen bei der Film AG an der Gemeinschaftsschule<a href=\"https:\/\/gms-vordere-alb.de\/index.php\/2023\/09\/27\/medien-und-film\/\"> [...]<\/a><\/p><\/div><\/div><div class=\"fusion-meta-info\"><div class=\"fusion-alignleft\"><a class=\"fusion-read-more\" href=\"https:\/\/gms-vordere-alb.de\/index.php\/2023\/09\/27\/medien-und-film\/\" aria-label=\"More on Medien und Film\">Read More<\/a><\/div><\/div><\/div><div class=\"fusion-clearfix\"><\/div><\/div>\n<\/article>\n<article id=\"blog-1-post-4891\" class=\"fusion-post-grid post-4891 post type-post status-publish format-standard hentry category-allgemein\">\n<div class=\"fusion-post-wrapper\" style=\"background-color:rgba(255,255,255,1);border:none;\">\n\n<div class=\"fusion-post-content-wrapper\" style=\"padding:30px 25px 20px 25px;\"><div class=\"fusion-post-content post-content\"><h2 class=\"blog-shortcode-post-title entry-title\"><a href=\"https:\/\/gms-vordere-alb.de\/index.php\/2023\/09\/27\/informatik\/\">Informatik<\/a><\/h2><span class=\"vcard\" style=\"display: none;\"><span class=\"fn\"><a href=\"https:\/\/gms-vordere-alb.de\/index.php\/author\/tobias-rausenberger\/\" title=\"Beitr\u00e4ge von tobias rausenberger\" rel=\"author\">tobias rausenberger<\/a><\/span><\/span><span class=\"updated\" style=\"display:none;\">2023-09-27T14:58:47+02:00<\/span><div class=\"fusion-content-sep sep-none\"><\/div><div class=\"fusion-post-content-container\"><p>Beitr\u00e4ge und Bilder folgen in K\u00fcrze.<\/p><\/div><\/div><div class=\"fusion-meta-info\"><div class=\"fusion-alignleft\"><a class=\"fusion-read-more\" href=\"https:\/\/gms-vordere-alb.de\/index.php\/2023\/09\/27\/informatik\/\" aria-label=\"More on Informatik\">Read More<\/a><\/div><\/div><\/div><div class=\"fusion-clearfix\"><\/div><\/div>\n<\/article>\n<article id=\"blog-1-post-4888\" class=\"fusion-post-grid post-4888 post type-post status-publish format-standard hentry category-allgemein\">\n<div class=\"fusion-post-wrapper\" style=\"background-color:rgba(255,255,255,1);border:none;\">\n\n<div class=\"fusion-post-content-wrapper\" style=\"padding:30px 25px 20px 25px;\"><div class=\"fusion-post-content post-content\"><h2 class=\"blog-shortcode-post-title entry-title\"><a href=\"https:\/\/gms-vordere-alb.de\/index.php\/2023\/09\/27\/gesellschaftsspiele\/\">Gesellschaftsspiele<\/a><\/h2><span class=\"vcard\" style=\"display: none;\"><span class=\"fn\"><a href=\"https:\/\/gms-vordere-alb.de\/index.php\/author\/tobias-rausenberger\/\" title=\"Beitr\u00e4ge von tobias rausenberger\" rel=\"author\">tobias rausenberger<\/a><\/span><\/span><span class=\"updated\" style=\"display:none;\">2023-11-21T10:20:50+01:00<\/span><div class=\"fusion-content-sep sep-none\"><\/div><div class=\"fusion-post-content-container\"><p> Beitr\u00e4ge folgen.     <\/p><\/div><\/div><div class=\"fusion-meta-info\"><div class=\"fusion-alignleft\"><a class=\"fusion-read-more\" href=\"https:\/\/gms-vordere-alb.de\/index.php\/2023\/09\/27\/gesellschaftsspiele\/\" aria-label=\"More on Gesellschaftsspiele\">Read More<\/a><\/div><\/div><\/div><div class=\"fusion-clearfix\"><\/div><\/div>\n<\/article>\n<article id=\"blog-1-post-4270\" class=\"fusion-post-grid post-4270 post type-post status-publish format-standard has-post-thumbnail hentry category-bild-des-monats\">\n<div class=\"fusion-post-wrapper\" style=\"background-color:rgba(255,255,255,1);border:none;\">\n\n\t\t\t<div class=\"fusion-flexslider flexslider fusion-flexslider-loading fusion-post-slideshow\" style=\"border-color:rgba(255,255,255,0);\">\n\t\t<ul class=\"slides\">\n\t\t\t\n\t\t\t\t\t\t\t\t\t\t\t\t\t\t<li><div  class=\"fusion-image-wrapper\" aria-haspopup=\"true\">\n\t\t\t\t<img decoding=\"async\" width=\"2560\" height=\"1920\" src=\"https:\/\/gms-vordere-alb.de\/wp-content\/uploads\/2022\/04\/20220511_083714-scaled.jpg\" class=\"attachment-full size-full wp-post-image\" alt=\"Juni 22\" srcset=\"https:\/\/gms-vordere-alb.de\/wp-content\/uploads\/2022\/04\/20220511_083714-200x150.jpg 200w, https:\/\/gms-vordere-alb.de\/wp-content\/uploads\/2022\/04\/20220511_083714-400x300.jpg 400w, https:\/\/gms-vordere-alb.de\/wp-content\/uploads\/2022\/04\/20220511_083714-600x450.jpg 600w, https:\/\/gms-vordere-alb.de\/wp-content\/uploads\/2022\/04\/20220511_083714-800x600.jpg 800w, https:\/\/gms-vordere-alb.de\/wp-content\/uploads\/2022\/04\/20220511_083714-1200x900.jpg 1200w, https:\/\/gms-vordere-alb.de\/wp-content\/uploads\/2022\/04\/20220511_083714-scaled.jpg 2560w\" sizes=\"(min-width: 2200px) 100vw, (min-width: 824px) 400px, (min-width: 732px) 600px, (min-width: 640px) 732px, \" \/><div class=\"fusion-rollover\">\n\t<div class=\"fusion-rollover-content\">\n\n\t\t\t\t\t\t\t\t\t\t\t\t\t\t<a class=\"fusion-rollover-link\" href=\"https:\/\/gms-vordere-alb.de\/index.php\/2022\/04\/09\/maerz\/\">Bild des Monats Juni<\/a>\n\t\t\t\n\t\t\t\t\t\t\t\t\t\t\t\t\t\t\n\t\t\t\t\t\t\t\t\n\t\t\t\t\t\t\t\t\t\t\t\t\t<div class=\"fusion-rollover-sep\"><\/div>\n\t\t\t\t\n\t\t\t\t\t\t\t\t\t\t\t\t\t\t\t\t\t\t<a class=\"fusion-rollover-gallery\" href=\"https:\/\/gms-vordere-alb.de\/wp-content\/uploads\/2022\/04\/20220511_083714-scaled.jpg\" data-options=\"\" data-id=\"4270\" data-rel=\"iLightbox[gallery]\" data-title=\"20220511_083714\" data-caption=\"\">\n\t\t\t\t\t\tGallery\t\t\t\t\t<\/a>\n\t\t\t\t\t\t\t\t\t\t\t\t\t\t\n\t\t\n\t\t\t\t\t\t\t\t\n\t\t\t\t\t\t\t\t\n\t\t\n\t\t\t\t\t\t<a class=\"fusion-link-wrapper\" href=\"https:\/\/gms-vordere-alb.de\/index.php\/2022\/04\/09\/maerz\/\" aria-label=\"Bild des Monats Juni\"><\/a>\n\t<\/div>\n<\/div>\n<\/div>\n<\/li>\n\t\t\t\n\t\t\t\n\t\t\t\t\t\t\t\t\t\t\t\t\t\t\t\t\t\t\t\t\t\t\t\t\t\t\t\t\t\t\t\t\t\t\t\t\t\t\t\t\t\t\t\t\t\t\t\t\t\t\t\t\t\t\t\t\t\t\t\t\t\t\t\t\t\t\t\t<\/ul>\n\t<\/div>\n\t<div class=\"fusion-post-content-wrapper\" style=\"padding:30px 25px 20px 25px;\"><div class=\"fusion-post-content post-content\"><h2 class=\"blog-shortcode-post-title entry-title\"><a href=\"https:\/\/gms-vordere-alb.de\/index.php\/2022\/04\/09\/maerz\/\">Bild des Monats Juni<\/a><\/h2><span class=\"vcard\" style=\"display: none;\"><span class=\"fn\"><a href=\"https:\/\/gms-vordere-alb.de\/index.php\/author\/agnes-sauter\/\" title=\"Beitr\u00e4ge von agnes sauter\" rel=\"author\">agnes sauter<\/a><\/span><\/span><span class=\"updated\" style=\"display:none;\">2022-06-02T18:13:31+02:00<\/span><div class=\"fusion-content-sep sep-none\"><\/div><div class=\"fusion-post-content-container\"><p><\/p><\/div><\/div><div class=\"fusion-meta-info\"><div class=\"fusion-alignleft\"><a class=\"fusion-read-more\" href=\"https:\/\/gms-vordere-alb.de\/index.php\/2022\/04\/09\/maerz\/\" aria-label=\"More on Bild des Monats Juni\">Read More<\/a><\/div><\/div><\/div><div class=\"fusion-clearfix\"><\/div><\/div>\n<\/article>\n<article id=\"blog-1-post-4195\" class=\"fusion-post-grid post-4195 post type-post status-publish format-standard hentry category-projekte tag-fuellemann tag-mach-was tag-projekt tag-wuerth\">\n<div class=\"fusion-post-wrapper\" style=\"background-color:rgba(255,255,255,1);border:none;\">\n\n<div class=\"fusion-post-content-wrapper\" style=\"padding:30px 25px 20px 25px;\"><div class=\"fusion-post-content post-content\"><h2 class=\"blog-shortcode-post-title entry-title\"><a href=\"https:\/\/gms-vordere-alb.de\/index.php\/2022\/03\/01\/mach-was-handwerkswettbewerb\/\">&#8222;Mach was&#8220; &#8211; Handwerkswettbewerb<\/a><\/h2><p class=\"fusion-single-line-meta\"><span class=\"vcard\" style=\"display: none;\"><span class=\"fn\"><a href=\"https:\/\/gms-vordere-alb.de\/index.php\/author\/tobias-rausenberger\/\" title=\"Beitr\u00e4ge von tobias rausenberger\" rel=\"author\">tobias rausenberger<\/a><\/span><\/span><span class=\"updated\" style=\"display:none;\">2023-02-28T16:43:52+01:00<\/span><span class=\"meta-tags\">Tags: <a href=\"https:\/\/gms-vordere-alb.de\/index.php\/tag\/fuellemann\/\" rel=\"tag\">F\u00fcllemann<\/a>, <a href=\"https:\/\/gms-vordere-alb.de\/index.php\/tag\/mach-was\/\" rel=\"tag\">Mach was<\/a>, <a href=\"https:\/\/gms-vordere-alb.de\/index.php\/tag\/projekt\/\" rel=\"tag\">Projekt<\/a>, <a href=\"https:\/\/gms-vordere-alb.de\/index.php\/tag\/wuerth\/\" rel=\"tag\">W\u00fcrth<\/a><\/span><span class=\"fusion-inline-sep\">|<\/span><\/p><div class=\"fusion-content-sep sep-none\"><\/div><div class=\"fusion-post-content-container\"><p> \"Mach was\" Fa W\u00fcrth \/ Fa F\u00fcllemann 2022 \u00a0Unsere<a href=\"https:\/\/gms-vordere-alb.de\/index.php\/2022\/03\/01\/mach-was-handwerkswettbewerb\/\"> [...]<\/a><\/p><\/div><\/div><div class=\"fusion-meta-info\"><div class=\"fusion-alignleft\"><a class=\"fusion-read-more\" href=\"https:\/\/gms-vordere-alb.de\/index.php\/2022\/03\/01\/mach-was-handwerkswettbewerb\/\" aria-label=\"More on &#8222;Mach was&#8220; &#8211; Handwerkswettbewerb\">Read More<\/a><\/div><\/div><\/div><div class=\"fusion-clearfix\"><\/div><\/div>\n<\/article>\n<article id=\"blog-1-post-2230\" class=\"fusion-post-grid post-2230 post type-post status-publish format-standard hentry category-aktuell-titel\">\n<div class=\"fusion-post-wrapper\" style=\"background-color:rgba(255,255,255,1);border:none;\">\n\n<div class=\"fusion-post-content-wrapper\" style=\"padding:30px 25px 20px 25px;\"><div class=\"fusion-post-content post-content\"><h2 class=\"blog-shortcode-post-title entry-title\"><a href=\"https:\/\/gms-vordere-alb.de\/index.php\/2018\/02\/07\/ausgabe-halbjahresinformation\/\">Neue Beratungslehrerin Frau Basharan<\/a><\/h2><span class=\"vcard\" style=\"display: none;\"><span class=\"fn\"><a href=\"https:\/\/gms-vordere-alb.de\/index.php\/author\/adminbizer\/\" title=\"Beitr\u00e4ge von Joerg Bizer\" rel=\"author\">Joerg Bizer<\/a><\/span><\/span><span class=\"updated\" style=\"display:none;\">2024-11-05T16:32:28+01:00<\/span><div class=\"fusion-content-sep sep-none\"><\/div><div class=\"fusion-post-content-container\"><p>Bei Fragen der Schullaufbahnwahl, Beratung bei Schulschwierigkeiten wie Leistungsschw\u00e4chen, Lernschwierigkeiten,<a href=\"https:\/\/gms-vordere-alb.de\/index.php\/2018\/02\/07\/ausgabe-halbjahresinformation\/\"> [...]<\/a><\/p><\/div><\/div><div class=\"fusion-meta-info\"><div class=\"fusion-alignleft\"><a class=\"fusion-read-more\" href=\"https:\/\/gms-vordere-alb.de\/index.php\/2018\/02\/07\/ausgabe-halbjahresinformation\/\" aria-label=\"More on Neue Beratungslehrerin Frau Basharan\">Read More<\/a><\/div><\/div><\/div><div class=\"fusion-clearfix\"><\/div><\/div>\n<\/article>\n<div class=\"fusion-clearfix\"><\/div><\/div><div class=\"pagination clearfix\"><span class=\"current\">1<\/span><a href=\"https:\/\/gms-vordere-alb.de\/index.php\/wp-json\/wp\/v2\/pages\/2189\/page\/2\/\" class=\"inactive\">2<\/a><a class=\"pagination-next\" rel=\"next\" href=\"https:\/\/gms-vordere-alb.de\/index.php\/wp-json\/wp\/v2\/pages\/2189\/page\/2\/\"><span class=\"page-text\">Next<\/span><span class=\"page-next\"><\/span><\/a><\/div><div class=\"fusion-clearfix\"><\/div><\/div><div class=\"fusion-text fusion-text-2\"><h2>Schulwegepl\u00e4ne f\u00fcr B\u00f6hringen und H\u00fclben<\/h2>\n<p><a href=\"https:\/\/gms-vordere-alb.de\/wp-content\/uploads\/2022\/07\/Schulwegeplan_Boehringen_2022.pdf\">Schulwegeplan_B\u00f6hringen_2022<\/a><\/p>\n<p><a href=\"https:\/\/gms-vordere-alb.de\/wp-content\/uploads\/2022\/07\/Schulwegeplan-Huelben-2022.pdf\">Schulwegeplan H\u00fclben 2022<\/a><\/p>\n<p><strong>\u00a0<\/strong><\/p>\n<p><strong>\u00a0<\/strong><\/p>\n<\/div><div class=\"fusion-sep-clear\"><\/div><div class=\"fusion-separator\" style=\"margin-left: auto;margin-right: auto;margin-top:15px;margin-bottom:60px;width:100%;max-width:170px;\"><div class=\"fusion-separator-border sep-single sep-solid\" style=\"--awb-height:20px;--awb-amount:20px;--awb-sep-color:#ef9a3d;border-color:#ef9a3d;border-top-width:1px;\"><\/div><\/div><div class=\"fusion-sep-clear\"><\/div><div class=\"fusion-text fusion-text-3\"><h3>Franz\u00f6sische Sch\u00fcler erleben die GMS Vordere Alb<\/h3>\n<p>hier geht&#8217;s zum Zeitungsartikel der SWP<\/p>\n<p><a href=\"https:\/\/www.swp.de\/suedwesten\/landkreise\/alb-neckar\/schueleraustausch-in-roemerstein-franzoesische-schueler-erleben-die-gms-vordere-alb-43144810.html\">https:\/\/www.swp.de\/suedwesten\/landkreise\/alb-neckar\/schueleraustausch-in-roemerstein-franzoesische-schueler-erleben-die-gms-vordere-alb-43144810.html<\/a><\/p>\n<p><strong>\u00a0<\/strong><\/p>\n<p><strong>\u00a0<\/strong><\/p>\n<\/div><div class=\"fusion-sep-clear\"><\/div><div class=\"fusion-separator\" style=\"margin-left: auto;margin-right: auto;margin-top:15px;margin-bottom:60px;width:100%;max-width:170px;\"><div class=\"fusion-separator-border sep-single sep-solid\" style=\"--awb-height:20px;--awb-amount:20px;--awb-sep-color:#ef9a3d;border-color:#ef9a3d;border-top-width:1px;\"><\/div><\/div><div class=\"fusion-sep-clear\"><\/div><div class=\"fusion-content-boxes content-boxes columns row fusion-columns-1 fusion-columns-total-2 fusion-content-boxes-1 content-boxes-icon-on-top content-left\" style=\"--awb-hover-accent-color:#f09a3e;--awb-circle-hover-accent-color:#f09a3e;--awb-item-margin-bottom:40px;\" data-animationOffset=\"top-into-view\"><div style=\"--awb-backgroundcolor:rgba(255,255,255,0);\" class=\"fusion-column content-box-column content-box-column content-box-column-1 col-lg-12 col-md-12 col-sm-12 fusion-content-box-hover content-box-column-last-in-row\"><div class=\"col content-box-wrapper content-wrapper link-area-box icon-hover-animation-slide\" data-animationOffset=\"top-into-view\"><div class=\"heading icon-left\"><h2 class=\"content-box-heading fusion-responsive-typography-calculated\" style=\"--h2_typography-font-size:24px;--fontSize:24;line-height:2.08;\">W\u00dcRTH-PROJEKT<\/h2><\/div><div class=\"fusion-clearfix\"><\/div><div class=\"content-container\">\n<div style=\"width: 960px;\" class=\"wp-video\"><video class=\"wp-video-shortcode\" id=\"video-2230-1\" width=\"960\" height=\"720\" preload=\"metadata\" controls=\"controls\"><source type=\"video\/mp4\" src=\"https:\/\/gms-vordere-alb.de\/wp-content\/uploads\/2019\/05\/Zeitraffer.mp4?_=1\" \/><a href=\"https:\/\/gms-vordere-alb.de\/wp-content\/uploads\/2019\/05\/Zeitraffer.mp4\">https:\/\/gms-vordere-alb.de\/wp-content\/uploads\/2019\/05\/Zeitraffer.mp4<\/a><\/video><\/div>\n<p>Back in your Arms \/ <a href=\"https:\/\/www.evermusic.de\/kostenlose-gemafreie-musik-downloaden.html\" target=\"_blank\" rel=\"noopener noreferrer\">https:\/\/www.evermusic.de\/kostenlose-gemafreie-musik-downloaden.html<\/a><\/p>\n<\/div><\/div><\/div><div style=\"--awb-backgroundcolor:rgba(255,255,255,0);\" class=\"fusion-column content-box-column content-box-column content-box-column-2 col-lg-12 col-md-12 col-sm-12 fusion-content-box-hover content-box-column-last content-box-column-last-in-row\"><div class=\"col content-box-wrapper content-wrapper link-area-box icon-hover-animation-slide\" data-animationOffset=\"top-into-view\"><div class=\"heading icon-left\"><h2 class=\"content-box-heading fusion-responsive-typography-calculated\" style=\"--h2_typography-font-size:24px;--fontSize:24;line-height:2.08;\">CHRISTMAS GREETINGS<\/h2><\/div><div class=\"fusion-clearfix\"><\/div><div class=\"content-container\">\n<div style=\"width: 1280px;\" class=\"wp-video\"><video class=\"wp-video-shortcode\" id=\"video-2230-2\" width=\"1280\" height=\"720\" preload=\"metadata\" controls=\"controls\"><source type=\"video\/mp4\" src=\"https:\/\/gms-vordere-alb.de\/wp-content\/uploads\/2018\/12\/Christmas-Greetings_Mittel-1.mp4?_=2\" \/><a href=\"https:\/\/gms-vordere-alb.de\/wp-content\/uploads\/2018\/12\/Christmas-Greetings_Mittel-1.mp4\">https:\/\/gms-vordere-alb.de\/wp-content\/uploads\/2018\/12\/Christmas-Greetings_Mittel-1.mp4<\/a><\/video><\/div>\n<\/div><\/div><\/div><div class=\"fusion-clearfix\"><\/div><\/div><div class=\"fusion-clearfix\"><\/div><\/div><\/div><div class=\"fusion-layout-column fusion_builder_column fusion-builder-column-2 fusion_builder_column_1_6 1_6 fusion-one-sixth fusion-column-last fusion-no-small-visibility\" style=\"--awb-bg-size:cover;width:13.3333%;\"><div class=\"fusion-column-wrapper fusion-flex-column-wrapper-legacy\"><div class=\"fusion-sep-clear\"><\/div><div class=\"fusion-separator fusion-full-width-sep\" style=\"margin-left: auto;margin-right: auto;margin-top:20px;width:100%;\"><\/div><div class=\"fusion-sep-clear\"><\/div><div class=\"fusion-clearfix\"><\/div><\/div><\/div><\/div><\/div>\n","protected":false},"excerpt":{"rendered":"","protected":false},"author":7,"featured_media":0,"parent":0,"menu_order":0,"comment_status":"closed","ping_status":"closed","template":"","meta":{"footnotes":""},"class_list":["post-2189","page","type-page","status-publish","hentry"],"_links":{"self":[{"href":"https:\/\/gms-vordere-alb.de\/index.php\/wp-json\/wp\/v2\/pages\/2189","targetHints":{"allow":["GET"]}}],"collection":[{"href":"https:\/\/gms-vordere-alb.de\/index.php\/wp-json\/wp\/v2\/pages"}],"about":[{"href":"https:\/\/gms-vordere-alb.de\/index.php\/wp-json\/wp\/v2\/types\/page"}],"author":[{"embeddable":true,"href":"https:\/\/gms-vordere-alb.de\/index.php\/wp-json\/wp\/v2\/users\/7"}],"replies":[{"embeddable":true,"href":"https:\/\/gms-vordere-alb.de\/index.php\/wp-json\/wp\/v2\/comments?post=2189"}],"version-history":[{"count":24,"href":"https:\/\/gms-vordere-alb.de\/index.php\/wp-json\/wp\/v2\/pages\/2189\/revisions"}],"predecessor-version":[{"id":4415,"href":"https:\/\/gms-vordere-alb.de\/index.php\/wp-json\/wp\/v2\/pages\/2189\/revisions\/4415"}],"wp:attachment":[{"href":"https:\/\/gms-vordere-alb.de\/index.php\/wp-json\/wp\/v2\/media?parent=2189"}],"curies":[{"name":"wp","href":"https:\/\/api.w.org\/{rel}","templated":true}]}}