{"id":2165,"date":"2017-12-15T13:13:32","date_gmt":"2017-12-15T12:13:32","guid":{"rendered":"http:\/\/dev.gms-vordere-alb.de\/?page_id=2165"},"modified":"2026-02-26T07:23:37","modified_gmt":"2026-02-26T06:23:37","slug":"links","status":"publish","type":"page","link":"https:\/\/gms-vordere-alb.de\/index.php\/links\/","title":{"rendered":"Links"},"content":{"rendered":"<div class=\"fusion-fullwidth fullwidth-box fusion-builder-row-1 nonhundred-percent-fullwidth non-hundred-percent-height-scrolling\" style=\"--awb-background-position:left top;--awb-border-sizes-top:0px;--awb-border-sizes-bottom:0px;--awb-border-sizes-left:0px;--awb-border-sizes-right:0px;--awb-border-radius-top-left:0px;--awb-border-radius-top-right:0px;--awb-border-radius-bottom-right:0px;--awb-border-radius-bottom-left:0px;--awb-padding-top:90px;--awb-padding-bottom:4%;--awb-background-color:#faf9f8;--awb-flex-wrap:wrap;\" ><div class=\"fusion-builder-row fusion-row\"><div class=\"fusion-layout-column fusion_builder_column fusion-builder-column-0 fusion_builder_column_1_6 1_6 fusion-one-sixth fusion-column-first fusion-no-small-visibility\" style=\"--awb-bg-size:cover;width:13.3333%; margin-right: 4%;\"><div class=\"fusion-column-wrapper fusion-flex-column-wrapper-legacy\"><div class=\"fusion-clearfix\"><\/div><\/div><\/div><div class=\"fusion-layout-column fusion_builder_column fusion-builder-column-1 fusion_builder_column_2_3 2_3 fusion-two-third\" style=\"--awb-bg-size:cover;--awb-margin-bottom:30px;width:65.3333%; margin-right: 4%;\"><div class=\"fusion-column-wrapper fusion-flex-column-wrapper-legacy\"><div class=\"fusion-text fusion-text-1\"><h2 style=\"text-align: center;\">Links<\/h2>\n<\/div><div class=\"fusion-text fusion-text-2\"><p style=\"text-align: center; font-size: 20px;\">Hier ein kleiner Linkservice, hei\u00dfe Verbindungen zu mehr oder weniger wichtigen Seiten:<\/p>\n<\/div><div class=\"fusion-sep-clear\"><\/div><div class=\"fusion-separator\" style=\"margin-left: auto;margin-right: auto;margin-top:15px;margin-bottom:60px;width:100%;max-width:170px;\"><div class=\"fusion-separator-border sep-single sep-solid\" style=\"--awb-height:20px;--awb-amount:20px;--awb-sep-color:#ef9a3d;border-color:#ef9a3d;border-top-width:1px;\"><\/div><\/div><div class=\"fusion-sep-clear\"><\/div><div class=\"fusion-text fusion-text-3\"><h3>Links f\u00fcr Eltern<\/h3>\n<h4><strong>Mensa B\u00f6hringen\/H\u00fclben:<\/strong><\/h4>\n<p><a href=\"https:\/\/roemerstein.sams-on.de\" target=\"_blank\" rel=\"noopener noreferrer\">Mensa-System SAMS-ON B\u00f6hringen<\/a><\/p>\n<p><a href=\"https:\/\/gms-vordere-alb.de\/wp-content\/uploads\/2018\/11\/MensaRoemerstein.doc\" target=\"_blank\" rel=\"noopener noreferrer\">Anmeldung zur Mensa B\u00f6hringen<\/a><\/p>\n<p><a href=\"https:\/\/gms-vordere-alb.de\/wp-content\/uploads\/2024\/01\/Mensa-AnmeldebogenHuelben_23.pdf\">Anmeldung zur Mensa H\u00fclben<\/a><\/p>\n<p><a href=\"https:\/\/gms-vordere-alb.de\/wp-content\/uploads\/2026\/02\/Anmeldung-Mensa-Neu_26_Huelben.pdf\">Anmeldung Mensa Neu_26_H\u00fclben<\/a><\/p>\n<p><a href=\"https:\/\/gms-vordere-alb.de\/wp-content\/uploads\/2023\/09\/Elternschreiben2023.doc\">Elternschreiben M<\/a><a href=\"https:\/\/gms-vordere-alb.de\/wp-content\/uploads\/2023\/09\/Elternschreiben2023.doc\">ensa 2023<\/a><\/p>\n<p><a href=\"https:\/\/gms-vordere-alb.de\/wp-content\/uploads\/2019\/07\/Antrag_Befreiung_Mittagsbetreuung.doc\">Antrag_Befreiung_Mittagsbetreuung<\/a><\/p>\n<h3><strong>Schule:<\/strong><\/h3>\n<p><a href=\"https:\/\/gms-vordere-alb.de\/wp-content\/uploads\/2022\/09\/09-schulordnung.docx\">Schulordnung<\/a><\/p>\n<p><a href=\"http:\/\/gms-vordere-alb.de\/wp-content\/uploads\/2018\/04\/Entschuldigungsformulare.pdf\" target=\"_blank\" rel=\"noopener noreferrer\">Entschuldigungsformular<\/a><\/p>\n<p><a href=\"https:\/\/gms-vordere-alb.de\/wp-content\/uploads\/2021\/09\/Unterrichtszeiten_Roemerstein_Huelben_2021_22.docx\">Unterrichtszeiten_R\u00f6merstein_H\u00fclben<\/a><\/p>\n<h3><strong>Busfahrpl\u00e4ne:<\/strong><\/h3>\n<p><a href=\"https:\/\/gms-vordere-alb.de\/wp-content\/uploads\/2021\/10\/Busfahrplan-Hin-Rueckweg_Zeiten_21_22.docx\">Busfahrplan Hin-R\u00fcckweg_Zeiten<\/a><\/p>\n<p><a href=\"https:\/\/gms-vordere-alb.de\/wp-content\/uploads\/2019\/09\/Schwimmunterricht_GS_GMS_Kl_5_6.doc\">Schwimmbusfahrplan<\/a><\/p>\n<h3><strong>Schulanmeldung:<\/strong><\/h3>\n<p><a href=\"https:\/\/gms-vordere-alb.de\/wp-content\/uploads\/2021\/03\/GMS_online_Formular3.pdf\">Schulanmeldung GMS_online<\/a><\/p>\n<p><a href=\"http:\/\/gms-vordere-alb.de\/wp-content\/uploads\/2018\/04\/Schulanmeldung-Klasse-10.pdf\" target=\"_blank\" rel=\"noopener noreferrer\">Schulanmeldung Klasse 10<\/a><\/p>\n<h3><strong>Schulwegeplanung:<\/strong><\/h3>\n<p><a href=\"https:\/\/gms-vordere-alb.de\/wp-content\/uploads\/2025\/03\/Schulwegeplan-Boehringen-2025.pdf\">Schulwegeplan B\u00f6hringen 2025<\/a><\/p>\n<p><a href=\"https:\/\/gms-vordere-alb.de\/wp-content\/uploads\/2025\/03\/Schulwegeplan-Huelben-2025.pdf\">Schulwegeplan H\u00fclben 2025<\/a><\/p>\n<h3>Links f\u00fcr Sch\u00fcler und Sch\u00fclerinnen<\/h3>\n<p><a href=\"http:\/\/www.klickdichschlau.at\/ecdl_uebungen_word.php\">klick dich schlau <\/a>\u2013 eine super Seite mit allerlei Informationen<br \/>\n\u00fcber das Textverarbeitungsprogramm Microsoft Word (bis 2003)<\/p>\n<p><a href=\"http:\/\/www.spardasurfsafe.de\/\">Sparda- Surf- Save <\/a>\u2013 jede Menge Infos \u00fcber Facebook und sichere Profile,<br \/>\nn\u00fctzliche Links zu Hilfsangeboten und viele Hilfestellungen, damit man die Hilfe gar nicht erst braucht<\/p>\n<p><a href=\"http:\/\/www.ich-will-lesen-lernen.de\/\" target=\"_blank\" rel=\"noopener noreferrer\">Wer Schwierigkeiten mit dem Lesen, Schreiben und Rechnen hat, bekommt hier Unterst\u00fctzung<\/a><\/p>\n<p><a href=\"http:\/\/www.legakids.net\/\" target=\"_blank\" rel=\"noopener noreferrer\">Internetprojekt LRS, ausgezeichnet von der Bundeskanzlerin<\/a><\/p>\n<p><a href=\"http:\/\/www.fvsuj-vordere-alb.de\" target=\"_blank\" rel=\"noopener noreferrer\">F\u00f6rderverein Schulen und Jugend Vordere Alb e.V.<\/a><\/p>\n<h3>Links f\u00fcr Lehrer<\/h3>\n<p><a href=\"http:\/\/www.lehrerfortbildung-bw.de\/\" target=\"_blank\" rel=\"noopener noreferrer\">Forbildungsserver Baden- W\u00fcrttemberg<\/a><\/p>\n<p><a href=\"http:\/\/lehrerfortbildung-bw.de\/lak\/\" target=\"_blank\" rel=\"noopener noreferrer\">Landesakademien in BW<\/a><\/p>\n<p><a href=\"http:\/\/www.schule-bw.de\/aktuelles\/\" target=\"_blank\" rel=\"noopener noreferrer\">Landesbildungsserver Baden- W\u00fcrttemberg<\/a><\/p>\n<p><a href=\"http:\/\/www.ls-bw.de\/\" target=\"_blank\" rel=\"noopener noreferrer\">Landesinstitut f\u00fcr Schulentwicklung<\/a><\/p>\n<p>Anmeldeformular f\u00fcr Fortbildungen aus dem K&amp;U <a href=\"http:\/\/129.143.236.149\/media\/PDFs%20zu%20Terminen\/meldung_veranstaltung_10_2007.pdf\">hier<\/a><\/p>\n<\/div><div class=\"fusion-clearfix\"><\/div><\/div><\/div><div class=\"fusion-layout-column fusion_builder_column fusion-builder-column-2 fusion_builder_column_1_6 1_6 fusion-one-sixth fusion-column-last fusion-no-small-visibility\" style=\"--awb-bg-size:cover;width:13.3333%;\"><div class=\"fusion-column-wrapper fusion-flex-column-wrapper-legacy\"><div class=\"fusion-sep-clear\"><\/div><div class=\"fusion-separator fusion-full-width-sep\" style=\"margin-left: auto;margin-right: auto;margin-top:20px;width:100%;\"><\/div><div class=\"fusion-sep-clear\"><\/div><div class=\"fusion-clearfix\"><\/div><\/div><\/div><\/div><\/div>\n","protected":false},"excerpt":{"rendered":"","protected":false},"author":7,"featured_media":0,"parent":0,"menu_order":0,"comment_status":"closed","ping_status":"closed","template":"","meta":{"footnotes":""},"class_list":["post-2165","page","type-page","status-publish","hentry"],"_links":{"self":[{"href":"https:\/\/gms-vordere-alb.de\/index.php\/wp-json\/wp\/v2\/pages\/2165","targetHints":{"allow":["GET"]}}],"collection":[{"href":"https:\/\/gms-vordere-alb.de\/index.php\/wp-json\/wp\/v2\/pages"}],"about":[{"href":"https:\/\/gms-vordere-alb.de\/index.php\/wp-json\/wp\/v2\/types\/page"}],"author":[{"embeddable":true,"href":"https:\/\/gms-vordere-alb.de\/index.php\/wp-json\/wp\/v2\/users\/7"}],"replies":[{"embeddable":true,"href":"https:\/\/gms-vordere-alb.de\/index.php\/wp-json\/wp\/v2\/comments?post=2165"}],"version-history":[{"count":42,"href":"https:\/\/gms-vordere-alb.de\/index.php\/wp-json\/wp\/v2\/pages\/2165\/revisions"}],"predecessor-version":[{"id":5469,"href":"https:\/\/gms-vordere-alb.de\/index.php\/wp-json\/wp\/v2\/pages\/2165\/revisions\/5469"}],"wp:attachment":[{"href":"https:\/\/gms-vordere-alb.de\/index.php\/wp-json\/wp\/v2\/media?parent=2165"}],"curies":[{"name":"wp","href":"https:\/\/api.w.org\/{rel}","templated":true}]}}